{"id":590,"date":"2021-08-04T07:57:46","date_gmt":"2021-08-04T07:57:46","guid":{"rendered":"https:\/\/redceltas.com\/?page_id=590"},"modified":"2021-09-13T08:02:35","modified_gmt":"2021-09-13T08:02:35","slug":"clubhouse_upgrade","status":"publish","type":"page","link":"https:\/\/redceltas.com\/?page_id=590","title":{"rendered":"Upgrade"},"content":{"rendered":"\t\t<div data-elementor-type=\"wp-page\" data-elementor-id=\"590\" class=\"elementor elementor-590\" data-elementor-post-type=\"page\">\n\t\t\t\t\t\t<section class=\"elementor-section elementor-top-section elementor-element elementor-element-3e40b9e elementor-section-boxed elementor-section-height-default elementor-section-height-default\" data-id=\"3e40b9e\" data-element_type=\"section\">\n\t\t\t\t\t\t\t<div class=\"elementor-background-overlay\"><\/div>\n\t\t\t\t\t\t\t<div class=\"elementor-container elementor-column-gap-default\">\n\t\t\t\t\t<div class=\"elementor-column elementor-col-100 elementor-top-column elementor-element elementor-element-ff7e0e1\" data-id=\"ff7e0e1\" data-element_type=\"column\">\n\t\t\t<div class=\"elementor-widget-wrap elementor-element-populated\">\n\t\t\t\t\t\t<div class=\"elementor-element elementor-element-f65a1c6 elementor-widget elementor-widget-heading\" data-id=\"f65a1c6\" data-element_type=\"widget\" data-widget_type=\"heading.default\">\n\t\t\t\t<div class=\"elementor-widget-container\">\n\t\t\t\t\t<h2 class=\"elementor-heading-title elementor-size-default\">Red Celtas MC Clubhouse Upgrade<\/h2>\t\t\t\t<\/div>\n\t\t\t\t<\/div>\n\t\t\t\t\t<\/div>\n\t\t<\/div>\n\t\t\t\t\t<\/div>\n\t\t<\/section>\n\t\t\t\t<section class=\"elementor-section elementor-top-section elementor-element elementor-element-fb59513 elementor-section-boxed elementor-section-height-default elementor-section-height-default\" data-id=\"fb59513\" data-element_type=\"section\" data-settings=\"{&quot;background_background&quot;:&quot;classic&quot;}\">\n\t\t\t\t\t\t\t<div class=\"elementor-background-overlay\"><\/div>\n\t\t\t\t\t\t\t<div class=\"elementor-container elementor-column-gap-default\">\n\t\t\t\t\t<div class=\"elementor-column elementor-col-100 elementor-top-column elementor-element elementor-element-11b16d9\" data-id=\"11b16d9\" data-element_type=\"column\">\n\t\t\t<div class=\"elementor-widget-wrap elementor-element-populated\">\n\t\t\t\t\t\t<div class=\"elementor-element elementor-element-68edf30 elementor-widget elementor-widget-spacer\" data-id=\"68edf30\" data-element_type=\"widget\" data-widget_type=\"spacer.default\">\n\t\t\t\t<div class=\"elementor-widget-container\">\n\t\t\t\t\t\t\t<div class=\"elementor-spacer\">\n\t\t\t<div class=\"elementor-spacer-inner\"><\/div>\n\t\t<\/div>\n\t\t\t\t\t\t<\/div>\n\t\t\t\t<\/div>\n\t\t\t\t\t<\/div>\n\t\t<\/div>\n\t\t\t\t\t<\/div>\n\t\t<\/section>\n\t\t\t\t<section class=\"elementor-section elementor-top-section elementor-element elementor-element-9f647fc elementor-section-boxed elementor-section-height-default elementor-section-height-default\" data-id=\"9f647fc\" data-element_type=\"section\">\n\t\t\t\t\t\t\t<div class=\"elementor-background-overlay\"><\/div>\n\t\t\t\t\t\t\t<div class=\"elementor-container elementor-column-gap-default\">\n\t\t\t\t\t<div class=\"elementor-column elementor-col-50 elementor-top-column elementor-element elementor-element-6bec553\" data-id=\"6bec553\" data-element_type=\"column\">\n\t\t\t<div class=\"elementor-widget-wrap elementor-element-populated\">\n\t\t\t\t\t\t<div class=\"elementor-element elementor-element-b5c72f3 elementor-widget elementor-widget-image\" data-id=\"b5c72f3\" data-element_type=\"widget\" data-widget_type=\"image.default\">\n\t\t\t\t<div class=\"elementor-widget-container\">\n\t\t\t\t\t\t\t\t\t\t\t\t\t\t\t<img fetchpriority=\"high\" decoding=\"async\" width=\"500\" height=\"500\" src=\"https:\/\/redceltas.com\/wp-content\/uploads\/2021\/08\/rdwp150.jpg\" class=\"attachment-medium_large size-medium_large wp-image-592\" alt=\"\" srcset=\"https:\/\/redceltas.com\/wp-content\/uploads\/2021\/08\/rdwp150.jpg 500w, https:\/\/redceltas.com\/wp-content\/uploads\/2021\/08\/rdwp150-300x300.jpg 300w, https:\/\/redceltas.com\/wp-content\/uploads\/2021\/08\/rdwp150-150x150.jpg 150w\" sizes=\"(max-width: 500px) 100vw, 500px\" \/>\t\t\t\t\t\t\t\t\t\t\t\t\t\t\t<\/div>\n\t\t\t\t<\/div>\n\t\t\t\t\t<\/div>\n\t\t<\/div>\n\t\t\t\t<div class=\"elementor-column elementor-col-50 elementor-top-column elementor-element elementor-element-46c94f6\" data-id=\"46c94f6\" data-element_type=\"column\">\n\t\t\t<div class=\"elementor-widget-wrap elementor-element-populated\">\n\t\t\t\t\t\t<div class=\"elementor-element elementor-element-856ece4 elementor-widget elementor-widget-text-editor\" data-id=\"856ece4\" data-element_type=\"widget\" data-widget_type=\"text-editor.default\">\n\t\t\t\t<div class=\"elementor-widget-container\">\n\t\t\t\t\t\t\t\t\t<p>En RCMC, nuestra pasi\u00f3n es el mundo biker.\u00a0<\/p><p>La cultura biker, que comenz\u00f3 su historia a mediados del siglo XX gracias a pioneros como los cap\u00edtulos californianos de 81, ha inspirado a generaciones enteras a crear y vivir el mundo alrededor de la moto de manera muy diferente y audaz, pero sobre todo, <strong><span style=\"text-decoration: underline;\">libre<\/span><\/strong>.<\/p><p>Lo que en otros \u00e1mbitos ser\u00eda simplemente un grupo de amigos, en el mundo biker se refuerzan estos v\u00ednculos y se disfruta del mundo de la moto formando una alianza, una hermandad basada en el principio del <strong><span style=\"text-decoration: underline;\">respeto<\/span><\/strong>.<\/p><p>Tras el <a href=\"https:\/\/redceltas.com\/?page_id=11\">incidente en junio de 2019<\/a>, otros simplemente hubiesen tirado la toalla. En RCMC lo vimos como un lienzo en blanco, algo con lo que reconstruir y mejorar de forma incre\u00edble nuestro club y nuestra casa.<\/p><p>Poco a poco, construimos un clubhouse digno de Red Celtas.<\/p>\t\t\t\t\t\t\t\t<\/div>\n\t\t\t\t<\/div>\n\t\t\t\t\t<\/div>\n\t\t<\/div>\n\t\t\t\t\t<\/div>\n\t\t<\/section>\n\t\t\t\t<section class=\"elementor-section elementor-top-section elementor-element elementor-element-c3b6ad0 elementor-section-boxed elementor-section-height-default elementor-section-height-default\" data-id=\"c3b6ad0\" data-element_type=\"section\">\n\t\t\t\t\t\t<div class=\"elementor-container elementor-column-gap-default\">\n\t\t\t\t\t<div class=\"elementor-column elementor-col-100 elementor-top-column elementor-element elementor-element-293a8d4\" data-id=\"293a8d4\" data-element_type=\"column\">\n\t\t\t<div class=\"elementor-widget-wrap elementor-element-populated\">\n\t\t\t\t\t\t<div class=\"elementor-element elementor-element-8c52dac elementor-widget elementor-widget-gallery\" data-id=\"8c52dac\" data-element_type=\"widget\" data-settings=\"{&quot;gap&quot;:{&quot;unit&quot;:&quot;px&quot;,&quot;size&quot;:4,&quot;sizes&quot;:[]},&quot;aspect_ratio&quot;:&quot;4:3&quot;,&quot;lazyload&quot;:&quot;yes&quot;,&quot;gallery_layout&quot;:&quot;grid&quot;,&quot;columns&quot;:4,&quot;columns_tablet&quot;:2,&quot;columns_mobile&quot;:1,&quot;gap_tablet&quot;:{&quot;unit&quot;:&quot;px&quot;,&quot;size&quot;:10,&quot;sizes&quot;:[]},&quot;gap_mobile&quot;:{&quot;unit&quot;:&quot;px&quot;,&quot;size&quot;:10,&quot;sizes&quot;:[]},&quot;link_to&quot;:&quot;file&quot;,&quot;overlay_background&quot;:&quot;yes&quot;,&quot;content_hover_animation&quot;:&quot;fade-in&quot;}\" data-widget_type=\"gallery.default\">\n\t\t\t\t<div class=\"elementor-widget-container\">\n\t\t\t\t\t\t\t<div class=\"elementor-gallery__container\">\r\n\t\t\t\t\t\t\t<a class=\"e-gallery-item elementor-gallery-item elementor-animated-content\" href=\"https:\/\/redceltas.com\/wp-content\/uploads\/2021\/08\/239721000_204629978226600_4287120671573054021_n.jpg\" data-elementor-open-lightbox=\"yes\" data-elementor-lightbox-slideshow=\"8c52dac\" data-elementor-lightbox-title=\"crate_light\" data-e-action-hash=\"#elementor-action%3Aaction%3Dlightbox%26settings%3DeyJpZCI6NTk5LCJ1cmwiOiJodHRwczpcL1wvcmVkY2VsdGFzLmNvbVwvd3AtY29udGVudFwvdXBsb2Fkc1wvMjAyMVwvMDhcLzIzOTcyMTAwMF8yMDQ2Mjk5NzgyMjY2MDBfNDI4NzEyMDY3MTU3MzA1NDAyMV9uLmpwZyIsInNsaWRlc2hvdyI6IjhjNTJkYWMifQ%3D%3D\">\r\n\t\t\t\t\t<div class=\"e-gallery-image elementor-gallery-item__image\" data-thumbnail=\"https:\/\/redceltas.com\/wp-content\/uploads\/2021\/08\/239721000_204629978226600_4287120671573054021_n-240x300.jpg\" data-width=\"240\" data-height=\"300\" aria-label=\"\" role=\"img\" ><\/div>\r\n\t\t\t\t\t\t\t\t\t\t\t<div class=\"elementor-gallery-item__overlay\"><\/div>\r\n\t\t\t\t\t\t\t\t\t\t\t\t\t\t<\/a>\r\n\t\t\t\t\t\t\t<a class=\"e-gallery-item elementor-gallery-item elementor-animated-content\" href=\"https:\/\/redceltas.com\/wp-content\/uploads\/2021\/08\/207250762_104509301817934_8960941988102241198_n.jpg\" data-elementor-open-lightbox=\"yes\" data-elementor-lightbox-slideshow=\"8c52dac\" data-elementor-lightbox-title=\"fixing_things\" data-e-action-hash=\"#elementor-action%3Aaction%3Dlightbox%26settings%3DeyJpZCI6NTk4LCJ1cmwiOiJodHRwczpcL1wvcmVkY2VsdGFzLmNvbVwvd3AtY29udGVudFwvdXBsb2Fkc1wvMjAyMVwvMDhcLzIwNzI1MDc2Ml8xMDQ1MDkzMDE4MTc5MzRfODk2MDk0MTk4ODEwMjI0MTE5OF9uLmpwZyIsInNsaWRlc2hvdyI6IjhjNTJkYWMifQ%3D%3D\">\r\n\t\t\t\t\t<div class=\"e-gallery-image elementor-gallery-item__image\" data-thumbnail=\"https:\/\/redceltas.com\/wp-content\/uploads\/2021\/08\/207250762_104509301817934_8960941988102241198_n-300x300.jpg\" data-width=\"300\" data-height=\"300\" aria-label=\"\" role=\"img\" ><\/div>\r\n\t\t\t\t\t\t\t\t\t\t\t<div class=\"elementor-gallery-item__overlay\"><\/div>\r\n\t\t\t\t\t\t\t\t\t\t\t\t\t\t<\/a>\r\n\t\t\t\t\t\t\t<a class=\"e-gallery-item elementor-gallery-item elementor-animated-content\" href=\"https:\/\/redceltas.com\/wp-content\/uploads\/2021\/08\/120578107_2442712566033705_5261199934975888336_n.jpg\" data-elementor-open-lightbox=\"yes\" data-elementor-lightbox-slideshow=\"8c52dac\" data-elementor-lightbox-title=\"light_banner\" data-e-action-hash=\"#elementor-action%3Aaction%3Dlightbox%26settings%3DeyJpZCI6NTk3LCJ1cmwiOiJodHRwczpcL1wvcmVkY2VsdGFzLmNvbVwvd3AtY29udGVudFwvdXBsb2Fkc1wvMjAyMVwvMDhcLzEyMDU3ODEwN18yNDQyNzEyNTY2MDMzNzA1XzUyNjExOTk5MzQ5NzU4ODgzMzZfbi5qcGciLCJzbGlkZXNob3ciOiI4YzUyZGFjIn0%3D\">\r\n\t\t\t\t\t<div class=\"e-gallery-image elementor-gallery-item__image\" data-thumbnail=\"https:\/\/redceltas.com\/wp-content\/uploads\/2021\/08\/120578107_2442712566033705_5261199934975888336_n-300x300.jpg\" data-width=\"300\" data-height=\"300\" aria-label=\"\" role=\"img\" ><\/div>\r\n\t\t\t\t\t\t\t\t\t\t\t<div class=\"elementor-gallery-item__overlay\"><\/div>\r\n\t\t\t\t\t\t\t\t\t\t\t\t\t\t<\/a>\r\n\t\t\t\t\t\t\t<a class=\"e-gallery-item elementor-gallery-item elementor-animated-content\" href=\"https:\/\/redceltas.com\/wp-content\/uploads\/2021\/08\/red_celtas_mc_northside_205383330_502542330981288_8080774955291008804_n.jpg\" data-elementor-open-lightbox=\"yes\" data-elementor-lightbox-slideshow=\"8c52dac\" data-elementor-lightbox-title=\"crew_night\" data-e-action-hash=\"#elementor-action%3Aaction%3Dlightbox%26settings%3DeyJpZCI6NjAxLCJ1cmwiOiJodHRwczpcL1wvcmVkY2VsdGFzLmNvbVwvd3AtY29udGVudFwvdXBsb2Fkc1wvMjAyMVwvMDhcL3JlZF9jZWx0YXNfbWNfbm9ydGhzaWRlXzIwNTM4MzMzMF81MDI1NDIzMzA5ODEyODhfODA4MDc3NDk1NTI5MTAwODgwNF9uLmpwZyIsInNsaWRlc2hvdyI6IjhjNTJkYWMifQ%3D%3D\">\r\n\t\t\t\t\t<div class=\"e-gallery-image elementor-gallery-item__image\" data-thumbnail=\"https:\/\/redceltas.com\/wp-content\/uploads\/2021\/08\/red_celtas_mc_northside_205383330_502542330981288_8080774955291008804_n-300x286.jpg\" data-width=\"300\" data-height=\"286\" aria-label=\"\" role=\"img\" ><\/div>\r\n\t\t\t\t\t\t\t\t\t\t\t<div class=\"elementor-gallery-item__overlay\"><\/div>\r\n\t\t\t\t\t\t\t\t\t\t\t\t\t\t<\/a>\r\n\t\t\t\t\t<\/div>\r\n\t\t\t\t\t<\/div>\n\t\t\t\t<\/div>\n\t\t\t\t<div class=\"elementor-element elementor-element-1508fe7 elementor-widget elementor-widget-spacer\" data-id=\"1508fe7\" data-element_type=\"widget\" data-widget_type=\"spacer.default\">\n\t\t\t\t<div class=\"elementor-widget-container\">\n\t\t\t\t\t\t\t<div class=\"elementor-spacer\">\n\t\t\t<div class=\"elementor-spacer-inner\"><\/div>\n\t\t<\/div>\n\t\t\t\t\t\t<\/div>\n\t\t\t\t<\/div>\n\t\t\t\t\t<\/div>\n\t\t<\/div>\n\t\t\t\t\t<\/div>\n\t\t<\/section>\n\t\t\t\t<section class=\"elementor-section elementor-top-section elementor-element elementor-element-24127ad elementor-section-boxed elementor-section-height-default elementor-section-height-default\" data-id=\"24127ad\" data-element_type=\"section\">\n\t\t\t\t\t\t<div class=\"elementor-container elementor-column-gap-default\">\n\t\t\t\t\t<div class=\"elementor-column elementor-col-100 elementor-top-column elementor-element elementor-element-9598266\" data-id=\"9598266\" data-element_type=\"column\">\n\t\t\t<div class=\"elementor-widget-wrap\">\n\t\t\t\t\t\t\t<\/div>\n\t\t<\/div>\n\t\t\t\t\t<\/div>\n\t\t<\/section>\n\t\t\t\t<section class=\"elementor-section elementor-top-section elementor-element elementor-element-f916001 elementor-section-boxed elementor-section-height-default elementor-section-height-default\" data-id=\"f916001\" data-element_type=\"section\">\n\t\t\t\t\t\t<div class=\"elementor-container elementor-column-gap-default\">\n\t\t\t\t\t<div class=\"elementor-column elementor-col-33 elementor-top-column elementor-element elementor-element-4feb7c1\" data-id=\"4feb7c1\" data-element_type=\"column\">\n\t\t\t<div class=\"elementor-widget-wrap\">\n\t\t\t\t\t\t\t<\/div>\n\t\t<\/div>\n\t\t\t\t<div class=\"elementor-column elementor-col-33 elementor-top-column elementor-element elementor-element-400d23e\" data-id=\"400d23e\" data-element_type=\"column\">\n\t\t\t<div class=\"elementor-widget-wrap elementor-element-populated\">\n\t\t\t\t\t\t<div class=\"elementor-element elementor-element-ab04de3 animated-fast elementor-invisible elementor-widget elementor-widget-video\" data-id=\"ab04de3\" data-element_type=\"widget\" data-settings=\"{&quot;video_type&quot;:&quot;hosted&quot;,&quot;show_image_overlay&quot;:&quot;yes&quot;,&quot;image_overlay&quot;:{&quot;url&quot;:&quot;https:\\\/\\\/redceltas.com\\\/wp-content\\\/uploads\\\/2021\\\/04\\\/cropped-cropped-logo.png&quot;,&quot;id&quot;:30,&quot;size&quot;:&quot;&quot;,&quot;alt&quot;:&quot;&quot;,&quot;source&quot;:&quot;library&quot;},&quot;_animation&quot;:&quot;bounceInUp&quot;,&quot;controls&quot;:&quot;yes&quot;}\" data-widget_type=\"video.default\">\n\t\t\t\t<div class=\"elementor-widget-container\">\n\t\t\t\t\t\t\t<div class=\"e-hosted-video elementor-wrapper elementor-open-inline\">\n\t\t\t\t\t<video class=\"elementor-video\" src=\"https:\/\/redceltas.com\/wp-content\/uploads\/2021\/09\/timeframe.mp4\" controls=\"\" preload=\"metadata\" controlsList=\"nodownload\"><\/video>\n\t\t\t\t\t\t<div class=\"elementor-custom-embed-image-overlay\" style=\"background-image: url(https:\/\/redceltas.com\/wp-content\/uploads\/2021\/04\/cropped-cropped-logo-300x300.png);\">\n\t\t\t\t\t\t\t\t\t\t\t\t\t\t\t\t<div class=\"elementor-custom-embed-play\" role=\"button\" aria-label=\"Reproducir v\u00eddeo\" tabindex=\"0\">\n\t\t\t\t\t\t\t<i aria-hidden=\"true\" class=\"eicon-play\"><\/i>\t\t\t\t\t\t<\/div>\n\t\t\t\t\t\t\t\t\t<\/div>\n\t\t\t\t\t<\/div>\n\t\t\t\t\t\t<\/div>\n\t\t\t\t<\/div>\n\t\t\t\t\t<\/div>\n\t\t<\/div>\n\t\t\t\t<div class=\"elementor-column elementor-col-33 elementor-top-column elementor-element elementor-element-8c2f750\" data-id=\"8c2f750\" data-element_type=\"column\">\n\t\t\t<div class=\"elementor-widget-wrap\">\n\t\t\t\t\t\t\t<\/div>\n\t\t<\/div>\n\t\t\t\t\t<\/div>\n\t\t<\/section>\n\t\t\t\t<section class=\"elementor-section elementor-top-section elementor-element elementor-element-22e9920 elementor-section-boxed elementor-section-height-default elementor-section-height-default\" data-id=\"22e9920\" data-element_type=\"section\">\n\t\t\t\t\t\t<div class=\"elementor-container elementor-column-gap-default\">\n\t\t\t\t\t<div class=\"elementor-column elementor-col-33 elementor-top-column elementor-element elementor-element-075be0b\" data-id=\"075be0b\" data-element_type=\"column\">\n\t\t\t<div class=\"elementor-widget-wrap elementor-element-populated\">\n\t\t\t\t\t\t<div class=\"elementor-element elementor-element-e343a85 elementor-widget elementor-widget-video\" data-id=\"e343a85\" data-element_type=\"widget\" data-settings=\"{&quot;youtube_url&quot;:&quot;https:\\\/\\\/www.youtube.com\\\/watch?v=TafgNr-4-0k&quot;,&quot;video_type&quot;:&quot;youtube&quot;,&quot;controls&quot;:&quot;yes&quot;}\" data-widget_type=\"video.default\">\n\t\t\t\t<div class=\"elementor-widget-container\">\n\t\t\t\t\t\t\t<div class=\"elementor-wrapper elementor-open-inline\">\n\t\t\t<div class=\"elementor-video\"><\/div>\t\t<\/div>\n\t\t\t\t\t\t<\/div>\n\t\t\t\t<\/div>\n\t\t\t\t\t<\/div>\n\t\t<\/div>\n\t\t\t\t<div class=\"elementor-column elementor-col-33 elementor-top-column elementor-element elementor-element-27207c0\" data-id=\"27207c0\" data-element_type=\"column\">\n\t\t\t<div class=\"elementor-widget-wrap elementor-element-populated\">\n\t\t\t\t\t\t<div class=\"elementor-element elementor-element-fbb279e elementor-widget elementor-widget-video\" data-id=\"fbb279e\" data-element_type=\"widget\" data-settings=\"{&quot;youtube_url&quot;:&quot;https:\\\/\\\/www.youtube.com\\\/watch?v=DuHHUnu_A3Q&quot;,&quot;video_type&quot;:&quot;youtube&quot;,&quot;controls&quot;:&quot;yes&quot;}\" data-widget_type=\"video.default\">\n\t\t\t\t<div class=\"elementor-widget-container\">\n\t\t\t\t\t\t\t<div class=\"elementor-wrapper elementor-open-inline\">\n\t\t\t<div class=\"elementor-video\"><\/div>\t\t<\/div>\n\t\t\t\t\t\t<\/div>\n\t\t\t\t<\/div>\n\t\t\t\t\t<\/div>\n\t\t<\/div>\n\t\t\t\t<div class=\"elementor-column elementor-col-33 elementor-top-column elementor-element elementor-element-e90c6b9\" data-id=\"e90c6b9\" data-element_type=\"column\">\n\t\t\t<div class=\"elementor-widget-wrap elementor-element-populated\">\n\t\t\t\t\t\t<div class=\"elementor-element elementor-element-77430ad elementor-widget elementor-widget-video\" data-id=\"77430ad\" data-element_type=\"widget\" data-settings=\"{&quot;youtube_url&quot;:&quot;https:\\\/\\\/www.youtube.com\\\/watch?v=TE3PdZDiBns&quot;,&quot;video_type&quot;:&quot;youtube&quot;,&quot;controls&quot;:&quot;yes&quot;}\" data-widget_type=\"video.default\">\n\t\t\t\t<div class=\"elementor-widget-container\">\n\t\t\t\t\t\t\t<div class=\"elementor-wrapper elementor-open-inline\">\n\t\t\t<div class=\"elementor-video\"><\/div>\t\t<\/div>\n\t\t\t\t\t\t<\/div>\n\t\t\t\t<\/div>\n\t\t\t\t\t<\/div>\n\t\t<\/div>\n\t\t\t\t\t<\/div>\n\t\t<\/section>\n\t\t\t\t<\/div>\n\t\t","protected":false},"excerpt":{"rendered":"<p>Red Celtas MC Clubhouse Upgrade En RCMC, nuestra pasi\u00f3n es el mundo biker.\u00a0 La cultura biker, que comenz\u00f3 su historia a mediados del siglo XX gracias a pioneros como los cap\u00edtulos californianos de 81, ha inspirado a generaciones enteras a crear y vivir el mundo alrededor de la moto de manera muy diferente y audaz, pero sobre todo, libre. Lo que en otros \u00e1mbitos ser\u00eda simplemente un grupo de amigos, en el mundo biker se refuerzan estos v\u00ednculos y se disfruta del mundo de la moto formando una alianza, una hermandad basada en el principio del respeto. Tras el incidente en junio de 2019, otros simplemente hubiesen tirado la toalla. En RCMC lo vimos como un lienzo en blanco, algo con lo que reconstruir y mejorar de forma incre\u00edble nuestro club y nuestra casa. Poco a poco, construimos un clubhouse digno de Red Celtas. https:\/\/redceltas.com\/wp-content\/uploads\/2021\/09\/timeframe.mp4https:\/\/www.youtube.com\/watch?v=TafgNr-4-0khttps:\/\/www.youtube.com\/watch?v=DuHHUnu_A3Qhttps:\/\/www.youtube.com\/watch?v=TE3PdZDiBns<\/p>\n","protected":false},"author":1,"featured_media":0,"parent":0,"menu_order":0,"comment_status":"closed","ping_status":"closed","template":"","meta":{"footnotes":""},"class_list":["post-590","page","type-page","status-publish"],"_links":{"self":[{"href":"https:\/\/redceltas.com\/index.php?rest_route=\/wp\/v2\/pages\/590","targetHints":{"allow":["GET"]}}],"collection":[{"href":"https:\/\/redceltas.com\/index.php?rest_route=\/wp\/v2\/pages"}],"about":[{"href":"https:\/\/redceltas.com\/index.php?rest_route=\/wp\/v2\/types\/page"}],"author":[{"embeddable":true,"href":"https:\/\/redceltas.com\/index.php?rest_route=\/wp\/v2\/users\/1"}],"replies":[{"embeddable":true,"href":"https:\/\/redceltas.com\/index.php?rest_route=%2Fwp%2Fv2%2Fcomments&post=590"}],"version-history":[{"count":0,"href":"https:\/\/redceltas.com\/index.php?rest_route=\/wp\/v2\/pages\/590\/revisions"}],"wp:attachment":[{"href":"https:\/\/redceltas.com\/index.php?rest_route=%2Fwp%2Fv2%2Fmedia&parent=590"}],"curies":[{"name":"wp","href":"https:\/\/api.w.org\/{rel}","templated":true}]}}