{"id":11,"date":"2021-04-05T14:00:37","date_gmt":"2021-04-05T14:00:37","guid":{"rendered":"http:\/\/redceltas.com\/?page_id=11"},"modified":"2025-03-27T08:48:23","modified_gmt":"2025-03-27T08:48:23","slug":"burning_crew","status":"publish","type":"page","link":"https:\/\/redceltas.com\/?page_id=11","title":{"rendered":"Burning Crew"},"content":{"rendered":"\t\t<div data-elementor-type=\"wp-page\" data-elementor-id=\"11\" class=\"elementor elementor-11\" data-elementor-post-type=\"page\">\n\t\t\t\t\t\t<section class=\"elementor-section elementor-top-section elementor-element elementor-element-636d7fd elementor-section-stretched elementor-section-boxed elementor-section-height-default elementor-section-height-default\" data-id=\"636d7fd\" data-element_type=\"section\" data-settings=\"{&quot;stretch_section&quot;:&quot;section-stretched&quot;,&quot;background_background&quot;:&quot;classic&quot;,&quot;animation&quot;:&quot;none&quot;}\">\n\t\t\t\t\t\t\t<div class=\"elementor-background-overlay\"><\/div>\n\t\t\t\t\t\t\t<div class=\"elementor-container elementor-column-gap-default\">\n\t\t\t\t\t<div class=\"elementor-column elementor-col-100 elementor-top-column elementor-element elementor-element-73b37bc1\" data-id=\"73b37bc1\" data-element_type=\"column\">\n\t\t\t<div class=\"elementor-widget-wrap elementor-element-populated\">\n\t\t\t\t\t\t<div class=\"elementor-element elementor-element-5ae5702 elementor-invisible elementor-widget elementor-widget-theme-post-featured-image elementor-widget-image\" data-id=\"5ae5702\" data-element_type=\"widget\" data-settings=\"{&quot;_animation&quot;:&quot;fadeIn&quot;}\" data-widget_type=\"theme-post-featured-image.default\">\n\t\t\t\t<div class=\"elementor-widget-container\">\n\t\t\t\t\t\t\t\t\t\t\t\t\t\t\t<img fetchpriority=\"high\" decoding=\"async\" width=\"718\" height=\"406\" src=\"https:\/\/redceltas.com\/wp-content\/uploads\/2021\/04\/ezgif-3-7b6317cc86d8.gif\" class=\"attachment-full size-full wp-image-212\" alt=\"\" \/>\t\t\t\t\t\t\t\t\t\t\t\t\t\t\t<\/div>\n\t\t\t\t<\/div>\n\t\t\t\t<div class=\"elementor-element elementor-element-21ab8464 elementor-headline--style-highlight elementor-invisible elementor-widget elementor-widget-animated-headline\" data-id=\"21ab8464\" data-element_type=\"widget\" data-settings=\"{&quot;highlighted_text&quot;:&quot;healing&quot;,&quot;_animation&quot;:&quot;fadeInDown&quot;,&quot;highlight_iteration_delay&quot;:6000,&quot;headline_style&quot;:&quot;highlight&quot;,&quot;marker&quot;:&quot;circle&quot;,&quot;loop&quot;:&quot;yes&quot;,&quot;highlight_animation_duration&quot;:1200}\" data-widget_type=\"animated-headline.default\">\n\t\t\t\t<div class=\"elementor-widget-container\">\n\t\t\t\t\t\t\t<h1 class=\"elementor-headline\">\r\n\t\t\t\t\t<span class=\"elementor-headline-plain-text elementor-headline-text-wrapper\">June 7 2019: 5 years of<\/span>\r\n\t\t\t\t<span class=\"elementor-headline-dynamic-wrapper elementor-headline-text-wrapper\">\r\n\t\t\t\t\t<span class=\"elementor-headline-dynamic-text elementor-headline-text-active\">healing<\/span>\r\n\t\t\t\t<\/span>\r\n\t\t\t\t<\/h1>\r\n\t\t\t\t\t\t<\/div>\n\t\t\t\t<\/div>\n\t\t\t\t<div class=\"elementor-element elementor-element-59fa603f elementor-widget__width-auto elementor-widget elementor-widget-text-editor\" data-id=\"59fa603f\" data-element_type=\"widget\" data-widget_type=\"text-editor.default\">\n\t\t\t\t<div class=\"elementor-widget-container\">\n\t\t\t\t\t\t\t\t\t<p><span style=\"color: #ffffff;\">Muchos conocer\u00e9is la historia de la forma en que os la hayan contado. <\/span><\/p><p><span style=\"color: #ffffff;\">S\u00f3lo unos pocos, en realidad, la hemos vivido en primera persona. <\/span><br \/><span style=\"color: #ffffff;\">No hay escritor capaz de reflejar con palabras el dolor y sufrimiento causados por esta historia, por mucho que pretendiese.<\/span><\/p><p><span style=\"color: #ffffff;\"><strong>7 de junio de 2019<\/strong>; parec\u00eda una tarde de viernes cualquiera, en la que reinaban las motos y\u00a0 la familia, gran f\u00f3rmula para conseguir el buen rollo.<\/span><\/p><p><span style=\"color: #ffffff;\">Ese d\u00eda, para nuestra sorpresa, se sum\u00f3 otro elemento descontrolado , casi como si de una pel\u00edcula de terror se tratase, en apenas un instante nuestra casa estar\u00eda asediada por grandes columnas de humo. <\/span><\/p><p><span style=\"color: #ffffff;\">Nubes negras que oscurecen lentamente el porvenir, apoyadas sobre lenguas de fuego, cuyo \u00fanico cometido era borrarnos para siempre, junto a nuestros recuerdos.<\/span><\/p><p><span style=\"color: #ffffff;\">Fue realmente duro sentir como el alma y el coraz\u00f3n se part\u00edan en mil pedazos, observando aquella escena que es, a d\u00eda de hoy, la pesadilla que nos persigue.<\/span><\/p><p><span style=\"color: #ffffff;\">La herida dej\u00f3 una cicatriz que no desaparecer\u00e1 , sirviendo de se\u00f1al del camino y gu\u00eda de futuro. Ese futuro en el que siempre hemos cre\u00eddo y por el que hemos apostado, en ese camino de sacrificio marcado por el sudor, las l\u00e1grimas y la sangre derramada, con el \u00fanico fin de mantenernos y levantar nuestra casa. <\/span><\/p><p><span style=\"color: #ffffff;\">Como el ave f\u00e9nix, resurgimos de las cenizas.<\/span><\/p><p><span style=\"color: #ffffff;\">Dedicado a <em>Tony<\/em>, staffy fallecido en el incendio: <em>\u201cfuiste un breve rayo de luz que ilumina para siempre\u201d<\/em><\/span><\/p><p><span style=\"color: #ffffff;\"><span style=\"text-decoration: underline;\"><strong>A BIG FUCK YOU<\/strong><\/span> TO EVERYONE WHO CHEERED OUR TRAGEDY<\/span><\/p><p style=\"text-align: center;\"><span style=\"color: #ffffff;\"><strong>RED CELTAS MC NORTHSIDE <\/strong><\/span><\/p><p style=\"text-align: center;\"><span style=\"color: #ffffff;\"><strong>NEVER FORGETS<\/strong><\/span><\/p>\t\t\t\t\t\t\t\t<\/div>\n\t\t\t\t<\/div>\n\t\t\t\t<div class=\"elementor-element elementor-element-37895850 animated-fast elementor-arrows-position-inside elementor-invisible elementor-widget elementor-widget-image-carousel\" data-id=\"37895850\" data-element_type=\"widget\" data-settings=\"{&quot;slides_to_show&quot;:&quot;3&quot;,&quot;slides_to_show_mobile&quot;:&quot;1&quot;,&quot;navigation&quot;:&quot;arrows&quot;,&quot;pause_on_hover&quot;:&quot;no&quot;,&quot;_animation&quot;:&quot;fadeInUp&quot;,&quot;autoplay&quot;:&quot;yes&quot;,&quot;pause_on_interaction&quot;:&quot;yes&quot;,&quot;autoplay_speed&quot;:5000,&quot;infinite&quot;:&quot;yes&quot;,&quot;speed&quot;:500}\" data-widget_type=\"image-carousel.default\">\n\t\t\t\t<div class=\"elementor-widget-container\">\n\t\t\t\t\t\t\t<div class=\"elementor-image-carousel-wrapper swiper\" role=\"region\" aria-roledescription=\"carousel\" aria-label=\"Carrusel de im\u00e1genes\" dir=\"ltr\">\n\t\t\t<div class=\"elementor-image-carousel swiper-wrapper\" aria-live=\"off\">\n\t\t\t\t\t\t\t\t<div class=\"swiper-slide\" role=\"group\" aria-roledescription=\"slide\" aria-label=\"1 de 5\"><a data-elementor-open-lightbox=\"yes\" data-elementor-lightbox-slideshow=\"37895850\" data-elementor-lightbox-title=\"istc3\" data-e-action-hash=\"#elementor-action%3Aaction%3Dlightbox%26settings%3DeyJpZCI6NDExLCJ1cmwiOiJodHRwczpcL1wvcmVkY2VsdGFzLmNvbVwvd3AtY29udGVudFwvdXBsb2Fkc1wvMjAyMVwvMDZcL1NjcmVlbnNob3RfMjAyMTA2MDctMDk1MTI3NTgxLTEuanBnIiwic2xpZGVzaG93IjoiMzc4OTU4NTAifQ%3D%3D\" href=\"https:\/\/redceltas.com\/wp-content\/uploads\/2021\/06\/Screenshot_20210607-095127581-1.jpg\"><figure class=\"swiper-slide-inner\"><img decoding=\"async\" class=\"swiper-slide-image\" src=\"https:\/\/redceltas.com\/wp-content\/uploads\/2021\/06\/Screenshot_20210607-095127581-1-169x300.jpg\" alt=\"istc3\" \/><\/figure><\/a><\/div><div class=\"swiper-slide\" role=\"group\" aria-roledescription=\"slide\" aria-label=\"2 de 5\"><a data-elementor-open-lightbox=\"yes\" data-elementor-lightbox-slideshow=\"37895850\" data-elementor-lightbox-title=\"istc4\" data-e-action-hash=\"#elementor-action%3Aaction%3Dlightbox%26settings%3DeyJpZCI6NDEwLCJ1cmwiOiJodHRwczpcL1wvcmVkY2VsdGFzLmNvbVwvd3AtY29udGVudFwvdXBsb2Fkc1wvMjAyMVwvMDZcL1NjcmVlbnNob3RfMjAyMTA2MDctMDk1MjIzOTIzLTEuanBnIiwic2xpZGVzaG93IjoiMzc4OTU4NTAifQ%3D%3D\" href=\"https:\/\/redceltas.com\/wp-content\/uploads\/2021\/06\/Screenshot_20210607-095223923-1.jpg\"><figure class=\"swiper-slide-inner\"><img decoding=\"async\" class=\"swiper-slide-image\" src=\"https:\/\/redceltas.com\/wp-content\/uploads\/2021\/06\/Screenshot_20210607-095223923-1-171x300.jpg\" alt=\"istc4\" \/><\/figure><\/a><\/div><div class=\"swiper-slide\" role=\"group\" aria-roledescription=\"slide\" aria-label=\"3 de 5\"><a data-elementor-open-lightbox=\"yes\" data-elementor-lightbox-slideshow=\"37895850\" data-elementor-lightbox-title=\"istc2\" data-e-action-hash=\"#elementor-action%3Aaction%3Dlightbox%26settings%3DeyJpZCI6NDEyLCJ1cmwiOiJodHRwczpcL1wvcmVkY2VsdGFzLmNvbVwvd3AtY29udGVudFwvdXBsb2Fkc1wvMjAyMVwvMDZcL0lNR18yMDE5MDYwN18yMTQzMDUtMi1zY2FsZWQuanBnIiwic2xpZGVzaG93IjoiMzc4OTU4NTAifQ%3D%3D\" href=\"https:\/\/redceltas.com\/wp-content\/uploads\/2021\/06\/IMG_20190607_214305-2-scaled.jpg\"><figure class=\"swiper-slide-inner\"><img decoding=\"async\" class=\"swiper-slide-image\" src=\"https:\/\/redceltas.com\/wp-content\/uploads\/2021\/06\/IMG_20190607_214305-2-300x225.jpg\" alt=\"istc2\" \/><\/figure><\/a><\/div><div class=\"swiper-slide\" role=\"group\" aria-roledescription=\"slide\" aria-label=\"4 de 5\"><a data-elementor-open-lightbox=\"yes\" data-elementor-lightbox-slideshow=\"37895850\" data-elementor-lightbox-title=\"istc1\" data-e-action-hash=\"#elementor-action%3Aaction%3Dlightbox%26settings%3DeyJpZCI6NDEzLCJ1cmwiOiJodHRwczpcL1wvcmVkY2VsdGFzLmNvbVwvd3AtY29udGVudFwvdXBsb2Fkc1wvMjAyMVwvMDZcL1NjcmVlbnNob3RfMjAyMTA2MDctMTAxMjA3MDI5LTEuanBnIiwic2xpZGVzaG93IjoiMzc4OTU4NTAifQ%3D%3D\" href=\"https:\/\/redceltas.com\/wp-content\/uploads\/2021\/06\/Screenshot_20210607-101207029-1.jpg\"><figure class=\"swiper-slide-inner\"><img decoding=\"async\" class=\"swiper-slide-image\" src=\"https:\/\/redceltas.com\/wp-content\/uploads\/2021\/06\/Screenshot_20210607-101207029-1-169x300.jpg\" alt=\"istc1\" \/><\/figure><\/a><\/div><div class=\"swiper-slide\" role=\"group\" aria-roledescription=\"slide\" aria-label=\"5 de 5\"><a data-elementor-open-lightbox=\"yes\" data-elementor-lightbox-slideshow=\"37895850\" data-elementor-lightbox-title=\"istc5\" data-e-action-hash=\"#elementor-action%3Aaction%3Dlightbox%26settings%3DeyJpZCI6NDA5LCJ1cmwiOiJodHRwczpcL1wvcmVkY2VsdGFzLmNvbVwvd3AtY29udGVudFwvdXBsb2Fkc1wvMjAyMVwvMDZcL3RvamE4Mi0yMDIxMDYwNC0wMDAyLmpwZyIsInNsaWRlc2hvdyI6IjM3ODk1ODUwIn0%3D\" href=\"https:\/\/redceltas.com\/wp-content\/uploads\/2021\/06\/toja82-20210604-0002.jpg\"><figure class=\"swiper-slide-inner\"><img decoding=\"async\" class=\"swiper-slide-image\" src=\"https:\/\/redceltas.com\/wp-content\/uploads\/2021\/06\/toja82-20210604-0002-300x300.jpg\" alt=\"istc5\" \/><\/figure><\/a><\/div>\t\t\t<\/div>\n\t\t\t\t\t\t\t\t\t\t\t\t<div class=\"elementor-swiper-button elementor-swiper-button-prev\" role=\"button\" tabindex=\"0\">\n\t\t\t\t\t\t<i aria-hidden=\"true\" class=\"eicon-chevron-left\"><\/i>\t\t\t\t\t<\/div>\n\t\t\t\t\t<div class=\"elementor-swiper-button elementor-swiper-button-next\" role=\"button\" tabindex=\"0\">\n\t\t\t\t\t\t<i aria-hidden=\"true\" class=\"eicon-chevron-right\"><\/i>\t\t\t\t\t<\/div>\n\t\t\t\t\n\t\t\t\t\t\t\t\t\t<\/div>\n\t\t\t\t\t\t<\/div>\n\t\t\t\t<\/div>\n\t\t\t\t<div class=\"elementor-element elementor-element-5e71cad4 elementor-invisible elementor-widget elementor-widget-image\" data-id=\"5e71cad4\" data-element_type=\"widget\" data-settings=\"{&quot;_animation&quot;:&quot;fadeInUp&quot;}\" data-widget_type=\"image.default\">\n\t\t\t\t<div class=\"elementor-widget-container\">\n\t\t\t\t\t\t\t\t\t\t\t\t\t\t\t<img decoding=\"async\" width=\"300\" height=\"294\" src=\"https:\/\/redceltas.com\/wp-content\/uploads\/2021\/06\/Screenshot_20210607-101610389-1-300x294.jpg\" class=\"attachment-medium size-medium wp-image-414\" alt=\"\" srcset=\"https:\/\/redceltas.com\/wp-content\/uploads\/2021\/06\/Screenshot_20210607-101610389-1-300x294.jpg 300w, https:\/\/redceltas.com\/wp-content\/uploads\/2021\/06\/Screenshot_20210607-101610389-1-1024x1005.jpg 1024w, https:\/\/redceltas.com\/wp-content\/uploads\/2021\/06\/Screenshot_20210607-101610389-1-768x754.jpg 768w, https:\/\/redceltas.com\/wp-content\/uploads\/2021\/06\/Screenshot_20210607-101610389-1-256x251.jpg 256w, https:\/\/redceltas.com\/wp-content\/uploads\/2021\/06\/Screenshot_20210607-101610389-1.jpg 1080w\" sizes=\"(max-width: 300px) 100vw, 300px\" \/>\t\t\t\t\t\t\t\t\t\t\t\t\t\t\t<\/div>\n\t\t\t\t<\/div>\n\t\t\t\t\t<\/div>\n\t\t<\/div>\n\t\t\t\t\t<\/div>\n\t\t<\/section>\n\t\t\t\t<section class=\"elementor-section elementor-top-section elementor-element elementor-element-46db35b elementor-section-boxed elementor-section-height-default elementor-section-height-default\" data-id=\"46db35b\" data-element_type=\"section\">\n\t\t\t\t\t\t<div class=\"elementor-container elementor-column-gap-default\">\n\t\t\t\t\t<div class=\"elementor-column elementor-col-100 elementor-top-column elementor-element elementor-element-5fb1f1f animated-fast elementor-invisible\" data-id=\"5fb1f1f\" data-element_type=\"column\" data-settings=\"{&quot;animation&quot;:&quot;fadeInLeft&quot;}\">\n\t\t\t<div class=\"elementor-widget-wrap elementor-element-populated\">\n\t\t\t\t\t\t<div class=\"elementor-element elementor-element-d7d61cc elementor-headline--style-rotate elementor-widget elementor-widget-animated-headline\" data-id=\"d7d61cc\" data-element_type=\"widget\" data-settings=\"{&quot;headline_style&quot;:&quot;rotate&quot;,&quot;animation_type&quot;:&quot;swirl&quot;,&quot;rotating_text&quot;:&quot;Crew\\nFamily\\nClub&quot;,&quot;rotate_iteration_delay&quot;:1000,&quot;loop&quot;:&quot;yes&quot;}\" data-widget_type=\"animated-headline.default\">\n\t\t\t\t<div class=\"elementor-widget-container\">\n\t\t\t\t\t\t\t<h3 class=\"elementor-headline elementor-headline-animation-type-swirl elementor-headline-letters\">\r\n\t\t\t\t\t<span class=\"elementor-headline-plain-text elementor-headline-text-wrapper\">Original Burning<\/span>\r\n\t\t\t\t<span class=\"elementor-headline-dynamic-wrapper elementor-headline-text-wrapper\">\r\n\t\t\t\t\t<span class=\"elementor-headline-dynamic-text elementor-headline-text-active\">\r\n\t\t\t\tCrew\t\t\t<\/span>\r\n\t\t\t\t\t<span class=\"elementor-headline-dynamic-text\">\r\n\t\t\t\tFamily\t\t\t<\/span>\r\n\t\t\t\t\t<span class=\"elementor-headline-dynamic-text\">\r\n\t\t\t\tClub\t\t\t<\/span>\r\n\t\t\t\t\t\t<\/span>\r\n\t\t\t\t\t<span class=\"elementor-headline-plain-text elementor-headline-text-wrapper\">Members<\/span>\r\n\t\t\t\t\t<\/h3>\r\n\t\t\t\t\t\t<\/div>\n\t\t\t\t<\/div>\n\t\t\t\t\t<\/div>\n\t\t<\/div>\n\t\t\t\t\t<\/div>\n\t\t<\/section>\n\t\t\t\t<section class=\"elementor-section elementor-top-section elementor-element elementor-element-e479c8e elementor-section-content-middle animated-fast elementor-section-boxed elementor-section-height-default elementor-section-height-default elementor-invisible\" data-id=\"e479c8e\" data-element_type=\"section\" data-settings=\"{&quot;animation&quot;:&quot;slideInUp&quot;}\">\n\t\t\t\t\t\t<div class=\"elementor-container elementor-column-gap-narrow\">\n\t\t\t\t\t<div class=\"elementor-column elementor-col-50 elementor-top-column elementor-element elementor-element-f8ac29f\" data-id=\"f8ac29f\" data-element_type=\"column\">\n\t\t\t<div class=\"elementor-widget-wrap elementor-element-populated\">\n\t\t\t\t\t\t<div class=\"elementor-element elementor-element-a499d69 elementor-widget elementor-widget-image\" data-id=\"a499d69\" data-element_type=\"widget\" data-widget_type=\"image.default\">\n\t\t\t\t<div class=\"elementor-widget-container\">\n\t\t\t\t\t\t\t\t\t\t\t\t\t\t\t<img decoding=\"async\" width=\"240\" height=\"300\" src=\"https:\/\/redceltas.com\/wp-content\/uploads\/2021\/06\/banner_decor-240x300.jpg\" class=\"attachment-medium size-medium wp-image-535\" alt=\"\" srcset=\"https:\/\/redceltas.com\/wp-content\/uploads\/2021\/06\/banner_decor-240x300.jpg 240w, https:\/\/redceltas.com\/wp-content\/uploads\/2021\/06\/banner_decor-819x1024.jpg 819w, https:\/\/redceltas.com\/wp-content\/uploads\/2021\/06\/banner_decor-768x960.jpg 768w, https:\/\/redceltas.com\/wp-content\/uploads\/2021\/06\/banner_decor.jpg 1080w\" sizes=\"(max-width: 240px) 100vw, 240px\" \/>\t\t\t\t\t\t\t\t\t\t\t\t\t\t\t<\/div>\n\t\t\t\t<\/div>\n\t\t\t\t\t<\/div>\n\t\t<\/div>\n\t\t\t\t<div class=\"elementor-column elementor-col-50 elementor-top-column elementor-element elementor-element-bb944d4\" data-id=\"bb944d4\" data-element_type=\"column\">\n\t\t\t<div class=\"elementor-widget-wrap elementor-element-populated\">\n\t\t\t\t\t\t<div class=\"elementor-element elementor-element-6f40d02 elementor-align-center elementor-icon-list--layout-traditional elementor-list-item-link-full_width elementor-widget elementor-widget-icon-list\" data-id=\"6f40d02\" data-element_type=\"widget\" data-widget_type=\"icon-list.default\">\n\t\t\t\t<div class=\"elementor-widget-container\">\n\t\t\t\t\t\t\t<ul class=\"elementor-icon-list-items\">\n\t\t\t\t\t\t\t<li class=\"elementor-icon-list-item\">\n\t\t\t\t\t\t\t\t\t\t\t<a href=\"https:\/\/www.instagram.com\/toja82\/\">\n\n\t\t\t\t\t\t\t\t\t\t\t\t<span class=\"elementor-icon-list-icon\">\n\t\t\t\t\t\t\t<i aria-hidden=\"true\" class=\"fas fa-fire-alt\"><\/i>\t\t\t\t\t\t<\/span>\n\t\t\t\t\t\t\t\t\t\t<span class=\"elementor-icon-list-text\">@toja82<\/span>\n\t\t\t\t\t\t\t\t\t\t\t<\/a>\n\t\t\t\t\t\t\t\t\t<\/li>\n\t\t\t\t\t\t\t\t<li class=\"elementor-icon-list-item\">\n\t\t\t\t\t\t\t\t\t\t\t<a href=\"https:\/\/www.instagram.com\/el_pataky\/\">\n\n\t\t\t\t\t\t\t\t\t\t\t\t<span class=\"elementor-icon-list-icon\">\n\t\t\t\t\t\t\t<i aria-hidden=\"true\" class=\"fas fa-fire-alt\"><\/i>\t\t\t\t\t\t<\/span>\n\t\t\t\t\t\t\t\t\t\t<span class=\"elementor-icon-list-text\">@el_pataky<\/span>\n\t\t\t\t\t\t\t\t\t\t\t<\/a>\n\t\t\t\t\t\t\t\t\t<\/li>\n\t\t\t\t\t\t\t\t<li class=\"elementor-icon-list-item\">\n\t\t\t\t\t\t\t\t\t\t\t<a href=\"https:\/\/www.instagram.com\/amtonio.caneda\/\">\n\n\t\t\t\t\t\t\t\t\t\t\t\t<span class=\"elementor-icon-list-icon\">\n\t\t\t\t\t\t\t<i aria-hidden=\"true\" class=\"fas fa-fire-alt\"><\/i>\t\t\t\t\t\t<\/span>\n\t\t\t\t\t\t\t\t\t\t<span class=\"elementor-icon-list-text\">@amtonio.caneda<\/span>\n\t\t\t\t\t\t\t\t\t\t\t<\/a>\n\t\t\t\t\t\t\t\t\t<\/li>\n\t\t\t\t\t\t\t\t<li class=\"elementor-icon-list-item\">\n\t\t\t\t\t\t\t\t\t\t\t<a href=\"https:\/\/www.instagram.com\/davidmpr13\/\">\n\n\t\t\t\t\t\t\t\t\t\t\t\t<span class=\"elementor-icon-list-icon\">\n\t\t\t\t\t\t\t<i aria-hidden=\"true\" class=\"fas fa-fire-alt\"><\/i>\t\t\t\t\t\t<\/span>\n\t\t\t\t\t\t\t\t\t\t<span class=\"elementor-icon-list-text\">@davidmpr13<\/span>\n\t\t\t\t\t\t\t\t\t\t\t<\/a>\n\t\t\t\t\t\t\t\t\t<\/li>\n\t\t\t\t\t\t\t\t<li class=\"elementor-icon-list-item\">\n\t\t\t\t\t\t\t\t\t\t\t<a href=\"https:\/\/www.instagram.com\/chonywalker\/\">\n\n\t\t\t\t\t\t\t\t\t\t\t\t<span class=\"elementor-icon-list-icon\">\n\t\t\t\t\t\t\t<i aria-hidden=\"true\" class=\"fas fa-fire-alt\"><\/i>\t\t\t\t\t\t<\/span>\n\t\t\t\t\t\t\t\t\t\t<span class=\"elementor-icon-list-text\">@chonywalker<\/span>\n\t\t\t\t\t\t\t\t\t\t\t<\/a>\n\t\t\t\t\t\t\t\t\t<\/li>\n\t\t\t\t\t\t\t\t<li class=\"elementor-icon-list-item\">\n\t\t\t\t\t\t\t\t\t\t\t<a href=\"https:\/\/www.instagram.com\/pedrosanvil\/\">\n\n\t\t\t\t\t\t\t\t\t\t\t\t<span class=\"elementor-icon-list-icon\">\n\t\t\t\t\t\t\t<i aria-hidden=\"true\" class=\"fas fa-fire-alt\"><\/i>\t\t\t\t\t\t<\/span>\n\t\t\t\t\t\t\t\t\t\t<span class=\"elementor-icon-list-text\">@pedrosanvil<\/span>\n\t\t\t\t\t\t\t\t\t\t\t<\/a>\n\t\t\t\t\t\t\t\t\t<\/li>\n\t\t\t\t\t\t\t\t<li class=\"elementor-icon-list-item\">\n\t\t\t\t\t\t\t\t\t\t\t<a href=\"https:\/\/www.instagram.com\/atomic_marine\/\">\n\n\t\t\t\t\t\t\t\t\t\t\t\t<span class=\"elementor-icon-list-icon\">\n\t\t\t\t\t\t\t<i aria-hidden=\"true\" class=\"fas fa-fire-alt\"><\/i>\t\t\t\t\t\t<\/span>\n\t\t\t\t\t\t\t\t\t\t<span class=\"elementor-icon-list-text\">@atomic_marine<\/span>\n\t\t\t\t\t\t\t\t\t\t\t<\/a>\n\t\t\t\t\t\t\t\t\t<\/li>\n\t\t\t\t\t\t<\/ul>\n\t\t\t\t\t\t<\/div>\n\t\t\t\t<\/div>\n\t\t\t\t\t<\/div>\n\t\t<\/div>\n\t\t\t\t\t<\/div>\n\t\t<\/section>\n\t\t\t\t<section class=\"elementor-section elementor-top-section elementor-element elementor-element-0840eb1 elementor-section-boxed elementor-section-height-default elementor-section-height-default\" data-id=\"0840eb1\" data-element_type=\"section\">\n\t\t\t\t\t\t<div class=\"elementor-container elementor-column-gap-default\">\n\t\t\t\t\t<div class=\"elementor-column elementor-col-100 elementor-top-column elementor-element elementor-element-f533937\" data-id=\"f533937\" data-element_type=\"column\">\n\t\t\t<div class=\"elementor-widget-wrap elementor-element-populated\">\n\t\t\t\t\t\t<div class=\"elementor-element elementor-element-b802b10 elementor-headline--style-highlight elementor-widget elementor-widget-animated-headline\" data-id=\"b802b10\" data-element_type=\"widget\" data-settings=\"{&quot;marker&quot;:&quot;curly&quot;,&quot;highlighted_text&quot;:&quot;glory&quot;,&quot;headline_style&quot;:&quot;highlight&quot;,&quot;loop&quot;:&quot;yes&quot;,&quot;highlight_animation_duration&quot;:1200,&quot;highlight_iteration_delay&quot;:8000}\" data-widget_type=\"animated-headline.default\">\n\t\t\t\t<div class=\"elementor-widget-container\">\n\t\t\t\t\t\t\t<h1 class=\"elementor-headline\">\r\n\t\t\t\t\t<span class=\"elementor-headline-plain-text elementor-headline-text-wrapper\">From ashes to<\/span>\r\n\t\t\t\t<span class=\"elementor-headline-dynamic-wrapper elementor-headline-text-wrapper\">\r\n\t\t\t\t\t<span class=\"elementor-headline-dynamic-text elementor-headline-text-active\">glory<\/span>\r\n\t\t\t\t<\/span>\r\n\t\t\t\t<\/h1>\r\n\t\t\t\t\t\t<\/div>\n\t\t\t\t<\/div>\n\t\t\t\t\t<\/div>\n\t\t<\/div>\n\t\t\t\t\t<\/div>\n\t\t<\/section>\n\t\t\t\t<section class=\"elementor-section elementor-top-section elementor-element elementor-element-49125f0 elementor-section-boxed elementor-section-height-default elementor-section-height-default\" data-id=\"49125f0\" data-element_type=\"section\">\n\t\t\t\t\t\t<div class=\"elementor-container elementor-column-gap-default\">\n\t\t\t\t\t<div class=\"elementor-column elementor-col-100 elementor-top-column elementor-element elementor-element-4474fe6\" data-id=\"4474fe6\" data-element_type=\"column\">\n\t\t\t<div class=\"elementor-widget-wrap elementor-element-populated\">\n\t\t\t\t\t\t<div class=\"elementor-element elementor-element-9cfefb2 elementor-widget elementor-widget-heading\" data-id=\"9cfefb2\" data-element_type=\"widget\" data-widget_type=\"heading.default\">\n\t\t\t\t<div class=\"elementor-widget-container\">\n\t\t\t\t\t<h6 class=\"elementor-heading-title elementor-size-default\">A long journey on how to recover from disaster and end up stronger than ever before<\/h6>\t\t\t\t<\/div>\n\t\t\t\t<\/div>\n\t\t\t\t\t<\/div>\n\t\t<\/div>\n\t\t\t\t\t<\/div>\n\t\t<\/section>\n\t\t\t\t<section class=\"elementor-section elementor-top-section elementor-element elementor-element-c9e1462 elementor-section-boxed elementor-section-height-default elementor-section-height-default\" data-id=\"c9e1462\" data-element_type=\"section\">\n\t\t\t\t\t\t<div class=\"elementor-container elementor-column-gap-default\">\n\t\t\t\t\t<div class=\"elementor-column elementor-col-100 elementor-top-column elementor-element elementor-element-90e2638\" data-id=\"90e2638\" data-element_type=\"column\">\n\t\t\t<div class=\"elementor-widget-wrap elementor-element-populated\">\n\t\t\t\t\t\t<div class=\"elementor-element elementor-element-ecb91d6 elementor-align-center elementor-widget elementor-widget-button\" data-id=\"ecb91d6\" data-element_type=\"widget\" data-widget_type=\"button.default\">\n\t\t\t\t<div class=\"elementor-widget-container\">\n\t\t\t\t\t\t\t\t\t<div class=\"elementor-button-wrapper\">\n\t\t\t\t\t<a class=\"elementor-button elementor-button-link elementor-size-md\" href=\"https:\/\/redceltas.com\/?page_id=590\">\n\t\t\t\t\t\t<span class=\"elementor-button-content-wrapper\">\n\t\t\t\t\t\t<span class=\"elementor-button-icon\">\n\t\t\t\t<i aria-hidden=\"true\" class=\"fas fa-warehouse\"><\/i>\t\t\t<\/span>\n\t\t\t\t\t\t\t\t\t<span class=\"elementor-button-text\">Clubhouse restoration <\/span>\n\t\t\t\t\t<\/span>\n\t\t\t\t\t<\/a>\n\t\t\t\t<\/div>\n\t\t\t\t\t\t\t\t<\/div>\n\t\t\t\t<\/div>\n\t\t\t\t\t<\/div>\n\t\t<\/div>\n\t\t\t\t\t<\/div>\n\t\t<\/section>\n\t\t\t\t<\/div>\n\t\t","protected":false},"excerpt":{"rendered":"<p>June 7 2019: 5 years of healing Muchos conocer\u00e9is la historia de la forma en que os la hayan contado. S\u00f3lo unos pocos, en realidad, la hemos vivido en primera persona. No hay escritor capaz de reflejar con palabras el dolor y sufrimiento causados por esta historia, por mucho que pretendiese. 7 de junio de 2019; parec\u00eda una tarde de viernes cualquiera, en la que reinaban las motos y\u00a0 la familia, gran f\u00f3rmula para conseguir el buen rollo. Ese d\u00eda, para nuestra sorpresa, se sum\u00f3 otro elemento descontrolado , casi como si de una pel\u00edcula de terror se tratase, en apenas un instante nuestra casa estar\u00eda asediada por grandes columnas de humo. Nubes negras que oscurecen lentamente el porvenir, apoyadas sobre lenguas de fuego, cuyo \u00fanico cometido era borrarnos para siempre, junto a nuestros recuerdos. Fue realmente duro sentir como el alma y el coraz\u00f3n se part\u00edan en mil pedazos,&hellip;<\/p>\n<p> <a class=\"more-link\" href=\"https:\/\/redceltas.com\/?page_id=11\">Leer m\u00e1s<\/a><\/p>\n","protected":false},"author":1,"featured_media":0,"parent":0,"menu_order":0,"comment_status":"closed","ping_status":"closed","template":"","meta":{"footnotes":""},"class_list":["post-11","page","type-page","status-publish"],"_links":{"self":[{"href":"https:\/\/redceltas.com\/index.php?rest_route=\/wp\/v2\/pages\/11","targetHints":{"allow":["GET"]}}],"collection":[{"href":"https:\/\/redceltas.com\/index.php?rest_route=\/wp\/v2\/pages"}],"about":[{"href":"https:\/\/redceltas.com\/index.php?rest_route=\/wp\/v2\/types\/page"}],"author":[{"embeddable":true,"href":"https:\/\/redceltas.com\/index.php?rest_route=\/wp\/v2\/users\/1"}],"replies":[{"embeddable":true,"href":"https:\/\/redceltas.com\/index.php?rest_route=%2Fwp%2Fv2%2Fcomments&post=11"}],"version-history":[{"count":3,"href":"https:\/\/redceltas.com\/index.php?rest_route=\/wp\/v2\/pages\/11\/revisions"}],"predecessor-version":[{"id":1339,"href":"https:\/\/redceltas.com\/index.php?rest_route=\/wp\/v2\/pages\/11\/revisions\/1339"}],"wp:attachment":[{"href":"https:\/\/redceltas.com\/index.php?rest_route=%2Fwp%2Fv2%2Fmedia&parent=11"}],"curies":[{"name":"wp","href":"https:\/\/api.w.org\/{rel}","templated":true}]}}