{"id":1070,"date":"2023-10-30T18:26:04","date_gmt":"2023-10-30T18:26:04","guid":{"rendered":"https:\/\/redceltas.com\/?page_id=1070"},"modified":"2023-10-30T18:35:29","modified_gmt":"2023-10-30T18:35:29","slug":"pokerrun23","status":"publish","type":"page","link":"https:\/\/redceltas.com\/?page_id=1070","title":{"rendered":"Poker Run"},"content":{"rendered":"\t\t<div data-elementor-type=\"wp-page\" data-elementor-id=\"1070\" class=\"elementor elementor-1070\" data-elementor-post-type=\"page\">\n\t\t\t\t\t\t<header class=\"elementor-section elementor-top-section elementor-element elementor-element-2088135 elementor-section-content-top elementor-section-boxed elementor-section-height-default elementor-section-height-default\" data-id=\"2088135\" data-element_type=\"section\">\n\t\t\t\t\t\t<div class=\"elementor-container elementor-column-gap-default\">\n\t\t\t\t\t<div class=\"elementor-column elementor-col-100 elementor-top-column elementor-element elementor-element-3ce86bc\" data-id=\"3ce86bc\" data-element_type=\"column\">\n\t\t\t<div class=\"elementor-widget-wrap elementor-element-populated\">\n\t\t\t\t\t\t<div class=\"elementor-element elementor-element-a47e117 elementor-invisible elementor-widget elementor-widget-heading\" data-id=\"a47e117\" data-element_type=\"widget\" data-settings=\"{&quot;_animation&quot;:&quot;fadeInDown&quot;}\" data-widget_type=\"heading.default\">\n\t\t\t\t<div class=\"elementor-widget-container\">\n\t\t\t\t\t<h2 class=\"elementor-heading-title elementor-size-default\">Poker Run 2023<\/h2>\t\t\t\t<\/div>\n\t\t\t\t<\/div>\n\t\t\t\t\t<\/div>\n\t\t<\/div>\n\t\t\t\t\t<\/div>\n\t\t<\/header>\n\t\t\t\t<section class=\"elementor-section elementor-top-section elementor-element elementor-element-ab6018b elementor-section-boxed elementor-section-height-default elementor-section-height-default\" data-id=\"ab6018b\" data-element_type=\"section\">\n\t\t\t\t\t\t<div class=\"elementor-container elementor-column-gap-default\">\n\t\t\t\t\t<div class=\"elementor-column elementor-col-100 elementor-top-column elementor-element elementor-element-a0ababf\" data-id=\"a0ababf\" data-element_type=\"column\">\n\t\t\t<div class=\"elementor-widget-wrap elementor-element-populated\">\n\t\t\t\t\t\t<div class=\"elementor-element elementor-element-bac24a1 elementor-widget elementor-widget-spacer\" data-id=\"bac24a1\" data-element_type=\"widget\" data-widget_type=\"spacer.default\">\n\t\t\t\t<div class=\"elementor-widget-container\">\n\t\t\t\t\t\t\t<div class=\"elementor-spacer\">\n\t\t\t<div class=\"elementor-spacer-inner\"><\/div>\n\t\t<\/div>\n\t\t\t\t\t\t<\/div>\n\t\t\t\t<\/div>\n\t\t\t\t<div class=\"elementor-element elementor-element-67e0bb0 elementor-widget elementor-widget-image\" data-id=\"67e0bb0\" data-element_type=\"widget\" data-widget_type=\"image.default\">\n\t\t\t\t<div class=\"elementor-widget-container\">\n\t\t\t\t\t\t\t\t\t\t\t\t\t\t\t<img fetchpriority=\"high\" decoding=\"async\" width=\"768\" height=\"405\" src=\"https:\/\/redceltas.com\/wp-content\/uploads\/2023\/10\/Sin-titulo_1.35.1-768x405.jpg\" class=\"attachment-medium_large size-medium_large wp-image-1101\" alt=\"\" srcset=\"https:\/\/redceltas.com\/wp-content\/uploads\/2023\/10\/Sin-titulo_1.35.1-768x405.jpg 768w, https:\/\/redceltas.com\/wp-content\/uploads\/2023\/10\/Sin-titulo_1.35.1-300x158.jpg 300w, https:\/\/redceltas.com\/wp-content\/uploads\/2023\/10\/Sin-titulo_1.35.1-1024x540.jpg 1024w, https:\/\/redceltas.com\/wp-content\/uploads\/2023\/10\/Sin-titulo_1.35.1-1536x810.jpg 1536w, https:\/\/redceltas.com\/wp-content\/uploads\/2023\/10\/Sin-titulo_1.35.1-2048x1080.jpg 2048w\" sizes=\"(max-width: 768px) 100vw, 768px\" \/>\t\t\t\t\t\t\t\t\t\t\t\t\t\t\t<\/div>\n\t\t\t\t<\/div>\n\t\t\t\t<div class=\"elementor-element elementor-element-c8dac72 elementor-widget elementor-widget-spacer\" data-id=\"c8dac72\" data-element_type=\"widget\" data-widget_type=\"spacer.default\">\n\t\t\t\t<div class=\"elementor-widget-container\">\n\t\t\t\t\t\t\t<div class=\"elementor-spacer\">\n\t\t\t<div class=\"elementor-spacer-inner\"><\/div>\n\t\t<\/div>\n\t\t\t\t\t\t<\/div>\n\t\t\t\t<\/div>\n\t\t\t\t\t<\/div>\n\t\t<\/div>\n\t\t\t\t\t<\/div>\n\t\t<\/section>\n\t\t\t\t<section class=\"elementor-section elementor-top-section elementor-element elementor-element-74fcf50 elementor-section-boxed elementor-section-height-default elementor-section-height-default\" data-id=\"74fcf50\" data-element_type=\"section\">\n\t\t\t\t\t\t<div class=\"elementor-container elementor-column-gap-default\">\n\t\t\t\t\t<div class=\"elementor-column elementor-col-100 elementor-top-column elementor-element elementor-element-6d7fc39\" data-id=\"6d7fc39\" data-element_type=\"column\">\n\t\t\t<div class=\"elementor-widget-wrap elementor-element-populated\">\n\t\t\t\t\t\t<div class=\"elementor-element elementor-element-8c51e25 elementor-widget elementor-widget-text-editor\" data-id=\"8c51e25\" data-element_type=\"widget\" data-widget_type=\"text-editor.default\">\n\t\t\t\t<div class=\"elementor-widget-container\">\n\t\t\t\t\t\t\t\t\t<p>El 19 de Agosto se celebr\u00f3 la primera edici\u00f3n del Poker Run. Un evento organizado por 81 Northside en el que los amantes de la moto, de todo tipo (y sin ser obligatorio el chaleco, por supuesto) nos pudimos juntar para simplemente disfrutar de un buen d\u00eda de motos, una buena ruta, comida y bebida; y hasta un sorteo con premios de todo tipo para los m\u00e1s afortunados.<\/p>\n<p>Como dice el nombre del evento, el sorteo se bas\u00f3 en una suerte de mano de Poker: en cada parada, a cada motero se le dio una carta de poker al azar. Y aquel con las mejores (o peores) jugadas se llev\u00f3 alguno de los muchos premios que se repartieron.<\/p>\n<p>En definitiva, un gran d\u00eda para todos, que esperamos volver a repetir el a\u00f1o que viene.<\/p>\n<p><\/p>\n<p>Os dejamos con algunas fotos de ese d\u00eda cortes\u00eda (c\u00f3mo no) de&nbsp;<a href=\"http:\/\/instagram.com\/_gonzalopulido\" target=\"_blank\" rel=\"noopener\">Gonzalo Pulido<\/a>, a quien hay que agradecer una vez m\u00e1s su gran talento para las artes audiovisuales.<\/p>\t\t\t\t\t\t\t\t<\/div>\n\t\t\t\t<\/div>\n\t\t\t\t<div class=\"elementor-element elementor-element-05cd42b elementor-widget elementor-widget-spacer\" data-id=\"05cd42b\" data-element_type=\"widget\" data-widget_type=\"spacer.default\">\n\t\t\t\t<div class=\"elementor-widget-container\">\n\t\t\t\t\t\t\t<div class=\"elementor-spacer\">\n\t\t\t<div class=\"elementor-spacer-inner\"><\/div>\n\t\t<\/div>\n\t\t\t\t\t\t<\/div>\n\t\t\t\t<\/div>\n\t\t\t\t\t<\/div>\n\t\t<\/div>\n\t\t\t\t\t<\/div>\n\t\t<\/section>\n\t\t\t\t<section class=\"elementor-section elementor-top-section elementor-element elementor-element-938d647 elementor-section-boxed elementor-section-height-default elementor-section-height-default\" data-id=\"938d647\" data-element_type=\"section\">\n\t\t\t\t\t\t<div class=\"elementor-container elementor-column-gap-default\">\n\t\t\t\t\t<div class=\"elementor-column elementor-col-100 elementor-top-column elementor-element elementor-element-b910926\" data-id=\"b910926\" data-element_type=\"column\">\n\t\t\t<div class=\"elementor-widget-wrap elementor-element-populated\">\n\t\t\t\t\t\t<div class=\"elementor-element elementor-element-6a56809 elementor-widget elementor-widget-gallery\" data-id=\"6a56809\" data-element_type=\"widget\" data-settings=\"{&quot;gallery_layout&quot;:&quot;justified&quot;,&quot;lazyload&quot;:&quot;yes&quot;,&quot;ideal_row_height&quot;:{&quot;unit&quot;:&quot;px&quot;,&quot;size&quot;:200,&quot;sizes&quot;:[]},&quot;ideal_row_height_tablet&quot;:{&quot;unit&quot;:&quot;px&quot;,&quot;size&quot;:150,&quot;sizes&quot;:[]},&quot;ideal_row_height_mobile&quot;:{&quot;unit&quot;:&quot;px&quot;,&quot;size&quot;:150,&quot;sizes&quot;:[]},&quot;gap&quot;:{&quot;unit&quot;:&quot;px&quot;,&quot;size&quot;:10,&quot;sizes&quot;:[]},&quot;gap_tablet&quot;:{&quot;unit&quot;:&quot;px&quot;,&quot;size&quot;:10,&quot;sizes&quot;:[]},&quot;gap_mobile&quot;:{&quot;unit&quot;:&quot;px&quot;,&quot;size&quot;:10,&quot;sizes&quot;:[]},&quot;link_to&quot;:&quot;file&quot;,&quot;overlay_background&quot;:&quot;yes&quot;,&quot;content_hover_animation&quot;:&quot;fade-in&quot;}\" data-widget_type=\"gallery.default\">\n\t\t\t\t<div class=\"elementor-widget-container\">\n\t\t\t\t\t\t\t<div class=\"elementor-gallery__container\">\r\n\t\t\t\t\t\t\t<a class=\"e-gallery-item elementor-gallery-item elementor-animated-content\" href=\"https:\/\/redceltas.com\/wp-content\/uploads\/2023\/10\/Sin-titulo_1.70.1-scaled.jpg\" data-elementor-open-lightbox=\"yes\" data-elementor-lightbox-slideshow=\"6a56809\" data-elementor-lightbox-title=\"Sin ti\u0301tulo_1.70.1\" data-e-action-hash=\"#elementor-action%3Aaction%3Dlightbox%26settings%3DeyJpZCI6MTExMCwidXJsIjoiaHR0cHM6XC9cL3JlZGNlbHRhcy5jb21cL3dwLWNvbnRlbnRcL3VwbG9hZHNcLzIwMjNcLzEwXC9TaW4tdGl0dWxvXzEuNzAuMS1zY2FsZWQuanBnIiwic2xpZGVzaG93IjoiNmE1NjgwOSJ9\">\r\n\t\t\t\t\t<div class=\"e-gallery-image elementor-gallery-item__image\" data-thumbnail=\"https:\/\/redceltas.com\/wp-content\/uploads\/2023\/10\/Sin-titulo_1.70.1-150x150.jpg\" data-width=\"150\" data-height=\"150\" aria-label=\"\" role=\"img\" ><\/div>\r\n\t\t\t\t\t\t\t\t\t\t\t<div class=\"elementor-gallery-item__overlay\"><\/div>\r\n\t\t\t\t\t\t\t\t\t\t\t\t\t\t<\/a>\r\n\t\t\t\t\t\t\t<a class=\"e-gallery-item elementor-gallery-item elementor-animated-content\" href=\"https:\/\/redceltas.com\/wp-content\/uploads\/2023\/10\/Sin-titulo_1.61.1-scaled.jpg\" data-elementor-open-lightbox=\"yes\" data-elementor-lightbox-slideshow=\"6a56809\" data-elementor-lightbox-title=\"Sin ti\u0301tulo_1.61.1\" data-e-action-hash=\"#elementor-action%3Aaction%3Dlightbox%26settings%3DeyJpZCI6MTEwNiwidXJsIjoiaHR0cHM6XC9cL3JlZGNlbHRhcy5jb21cL3dwLWNvbnRlbnRcL3VwbG9hZHNcLzIwMjNcLzEwXC9TaW4tdGl0dWxvXzEuNjEuMS1zY2FsZWQuanBnIiwic2xpZGVzaG93IjoiNmE1NjgwOSJ9\">\r\n\t\t\t\t\t<div class=\"e-gallery-image elementor-gallery-item__image\" data-thumbnail=\"https:\/\/redceltas.com\/wp-content\/uploads\/2023\/10\/Sin-titulo_1.61.1-150x150.jpg\" data-width=\"150\" data-height=\"150\" aria-label=\"\" role=\"img\" ><\/div>\r\n\t\t\t\t\t\t\t\t\t\t\t<div class=\"elementor-gallery-item__overlay\"><\/div>\r\n\t\t\t\t\t\t\t\t\t\t\t\t\t\t<\/a>\r\n\t\t\t\t\t\t\t<a class=\"e-gallery-item elementor-gallery-item elementor-animated-content\" href=\"https:\/\/redceltas.com\/wp-content\/uploads\/2023\/10\/Sin-titulo_1.63.1-scaled.jpg\" data-elementor-open-lightbox=\"yes\" data-elementor-lightbox-slideshow=\"6a56809\" data-elementor-lightbox-title=\"Sin ti\u0301tulo_1.63.1\" data-e-action-hash=\"#elementor-action%3Aaction%3Dlightbox%26settings%3DeyJpZCI6MTEwNywidXJsIjoiaHR0cHM6XC9cL3JlZGNlbHRhcy5jb21cL3dwLWNvbnRlbnRcL3VwbG9hZHNcLzIwMjNcLzEwXC9TaW4tdGl0dWxvXzEuNjMuMS1zY2FsZWQuanBnIiwic2xpZGVzaG93IjoiNmE1NjgwOSJ9\">\r\n\t\t\t\t\t<div class=\"e-gallery-image elementor-gallery-item__image\" data-thumbnail=\"https:\/\/redceltas.com\/wp-content\/uploads\/2023\/10\/Sin-titulo_1.63.1-150x150.jpg\" data-width=\"150\" data-height=\"150\" aria-label=\"\" role=\"img\" ><\/div>\r\n\t\t\t\t\t\t\t\t\t\t\t<div class=\"elementor-gallery-item__overlay\"><\/div>\r\n\t\t\t\t\t\t\t\t\t\t\t\t\t\t<\/a>\r\n\t\t\t\t\t\t\t<a class=\"e-gallery-item elementor-gallery-item elementor-animated-content\" href=\"https:\/\/redceltas.com\/wp-content\/uploads\/2023\/10\/Sin-titulo_1.47.1-scaled.jpg\" data-elementor-open-lightbox=\"yes\" data-elementor-lightbox-slideshow=\"6a56809\" data-elementor-lightbox-title=\"Sin ti\u0301tulo_1.47.1\" data-e-action-hash=\"#elementor-action%3Aaction%3Dlightbox%26settings%3DeyJpZCI6MTEwMywidXJsIjoiaHR0cHM6XC9cL3JlZGNlbHRhcy5jb21cL3dwLWNvbnRlbnRcL3VwbG9hZHNcLzIwMjNcLzEwXC9TaW4tdGl0dWxvXzEuNDcuMS1zY2FsZWQuanBnIiwic2xpZGVzaG93IjoiNmE1NjgwOSJ9\">\r\n\t\t\t\t\t<div class=\"e-gallery-image elementor-gallery-item__image\" data-thumbnail=\"https:\/\/redceltas.com\/wp-content\/uploads\/2023\/10\/Sin-titulo_1.47.1-150x150.jpg\" data-width=\"150\" data-height=\"150\" aria-label=\"\" role=\"img\" ><\/div>\r\n\t\t\t\t\t\t\t\t\t\t\t<div class=\"elementor-gallery-item__overlay\"><\/div>\r\n\t\t\t\t\t\t\t\t\t\t\t\t\t\t<\/a>\r\n\t\t\t\t\t\t\t<a class=\"e-gallery-item elementor-gallery-item elementor-animated-content\" href=\"https:\/\/redceltas.com\/wp-content\/uploads\/2023\/10\/Sin-titulo_1.24.1-scaled.jpg\" data-elementor-open-lightbox=\"yes\" data-elementor-lightbox-slideshow=\"6a56809\" data-elementor-lightbox-title=\"Sin ti\u0301tulo_1.24.1\" data-e-action-hash=\"#elementor-action%3Aaction%3Dlightbox%26settings%3DeyJpZCI6MTA5NiwidXJsIjoiaHR0cHM6XC9cL3JlZGNlbHRhcy5jb21cL3dwLWNvbnRlbnRcL3VwbG9hZHNcLzIwMjNcLzEwXC9TaW4tdGl0dWxvXzEuMjQuMS1zY2FsZWQuanBnIiwic2xpZGVzaG93IjoiNmE1NjgwOSJ9\">\r\n\t\t\t\t\t<div class=\"e-gallery-image elementor-gallery-item__image\" data-thumbnail=\"https:\/\/redceltas.com\/wp-content\/uploads\/2023\/10\/Sin-titulo_1.24.1-150x150.jpg\" data-width=\"150\" data-height=\"150\" aria-label=\"\" role=\"img\" ><\/div>\r\n\t\t\t\t\t\t\t\t\t\t\t<div class=\"elementor-gallery-item__overlay\"><\/div>\r\n\t\t\t\t\t\t\t\t\t\t\t\t\t\t<\/a>\r\n\t\t\t\t\t\t\t<a class=\"e-gallery-item elementor-gallery-item elementor-animated-content\" href=\"https:\/\/redceltas.com\/wp-content\/uploads\/2023\/10\/Sin-titulo_1.65.1-scaled.jpg\" data-elementor-open-lightbox=\"yes\" data-elementor-lightbox-slideshow=\"6a56809\" data-elementor-lightbox-title=\"Sin ti\u0301tulo_1.65.1\" data-e-action-hash=\"#elementor-action%3Aaction%3Dlightbox%26settings%3DeyJpZCI6MTEwOSwidXJsIjoiaHR0cHM6XC9cL3JlZGNlbHRhcy5jb21cL3dwLWNvbnRlbnRcL3VwbG9hZHNcLzIwMjNcLzEwXC9TaW4tdGl0dWxvXzEuNjUuMS1zY2FsZWQuanBnIiwic2xpZGVzaG93IjoiNmE1NjgwOSJ9\">\r\n\t\t\t\t\t<div class=\"e-gallery-image elementor-gallery-item__image\" data-thumbnail=\"https:\/\/redceltas.com\/wp-content\/uploads\/2023\/10\/Sin-titulo_1.65.1-150x150.jpg\" data-width=\"150\" data-height=\"150\" aria-label=\"\" role=\"img\" ><\/div>\r\n\t\t\t\t\t\t\t\t\t\t\t<div class=\"elementor-gallery-item__overlay\"><\/div>\r\n\t\t\t\t\t\t\t\t\t\t\t\t\t\t<\/a>\r\n\t\t\t\t\t\t\t<a class=\"e-gallery-item elementor-gallery-item elementor-animated-content\" href=\"https:\/\/redceltas.com\/wp-content\/uploads\/2023\/10\/Sin-titulo_1.25.1-scaled.jpg\" data-elementor-open-lightbox=\"yes\" data-elementor-lightbox-slideshow=\"6a56809\" data-elementor-lightbox-title=\"Sin ti\u0301tulo_1.25.1\" data-e-action-hash=\"#elementor-action%3Aaction%3Dlightbox%26settings%3DeyJpZCI6MTA5NywidXJsIjoiaHR0cHM6XC9cL3JlZGNlbHRhcy5jb21cL3dwLWNvbnRlbnRcL3VwbG9hZHNcLzIwMjNcLzEwXC9TaW4tdGl0dWxvXzEuMjUuMS1zY2FsZWQuanBnIiwic2xpZGVzaG93IjoiNmE1NjgwOSJ9\">\r\n\t\t\t\t\t<div class=\"e-gallery-image elementor-gallery-item__image\" data-thumbnail=\"https:\/\/redceltas.com\/wp-content\/uploads\/2023\/10\/Sin-titulo_1.25.1-150x150.jpg\" data-width=\"150\" data-height=\"150\" aria-label=\"\" role=\"img\" ><\/div>\r\n\t\t\t\t\t\t\t\t\t\t\t<div class=\"elementor-gallery-item__overlay\"><\/div>\r\n\t\t\t\t\t\t\t\t\t\t\t\t\t\t<\/a>\r\n\t\t\t\t\t\t\t<a class=\"e-gallery-item elementor-gallery-item elementor-animated-content\" href=\"https:\/\/redceltas.com\/wp-content\/uploads\/2023\/10\/Sin-titulo_1.21.1-scaled.jpg\" data-elementor-open-lightbox=\"yes\" data-elementor-lightbox-slideshow=\"6a56809\" data-elementor-lightbox-title=\"Sin ti\u0301tulo_1.21.1\" data-e-action-hash=\"#elementor-action%3Aaction%3Dlightbox%26settings%3DeyJpZCI6MTA5NCwidXJsIjoiaHR0cHM6XC9cL3JlZGNlbHRhcy5jb21cL3dwLWNvbnRlbnRcL3VwbG9hZHNcLzIwMjNcLzEwXC9TaW4tdGl0dWxvXzEuMjEuMS1zY2FsZWQuanBnIiwic2xpZGVzaG93IjoiNmE1NjgwOSJ9\">\r\n\t\t\t\t\t<div class=\"e-gallery-image elementor-gallery-item__image\" data-thumbnail=\"https:\/\/redceltas.com\/wp-content\/uploads\/2023\/10\/Sin-titulo_1.21.1-150x150.jpg\" data-width=\"150\" data-height=\"150\" aria-label=\"\" role=\"img\" ><\/div>\r\n\t\t\t\t\t\t\t\t\t\t\t<div class=\"elementor-gallery-item__overlay\"><\/div>\r\n\t\t\t\t\t\t\t\t\t\t\t\t\t\t<\/a>\r\n\t\t\t\t\t<\/div>\r\n\t\t\t\t\t<\/div>\n\t\t\t\t<\/div>\n\t\t\t\t\t<\/div>\n\t\t<\/div>\n\t\t\t\t\t<\/div>\n\t\t<\/section>\n\t\t\t\t<\/div>\n\t\t","protected":false},"excerpt":{"rendered":"<p>Poker Run 2023 El 19 de Agosto se celebr\u00f3 la primera edici\u00f3n del Poker Run. Un evento organizado por 81 Northside en el que los amantes de la moto, de todo tipo (y sin ser obligatorio el chaleco, por supuesto) nos pudimos juntar para simplemente disfrutar de un buen d\u00eda de motos, una buena ruta, comida y bebida; y hasta un sorteo con premios de todo tipo para los m\u00e1s afortunados. Como dice el nombre del evento, el sorteo se bas\u00f3 en una suerte de mano de Poker: en cada parada, a cada motero se le dio una carta de poker al azar. Y aquel con las mejores (o peores) jugadas se llev\u00f3 alguno de los muchos premios que se repartieron. En definitiva, un gran d\u00eda para todos, que esperamos volver a repetir el a\u00f1o que viene. Os dejamos con algunas fotos de ese d\u00eda cortes\u00eda (c\u00f3mo no) de&nbsp;Gonzalo Pulido,&hellip;<\/p>\n<p> <a class=\"more-link\" href=\"https:\/\/redceltas.com\/?page_id=1070\">Leer m\u00e1s<\/a><\/p>\n","protected":false},"author":1,"featured_media":0,"parent":0,"menu_order":0,"comment_status":"closed","ping_status":"closed","template":"","meta":{"footnotes":""},"class_list":["post-1070","page","type-page","status-publish"],"_links":{"self":[{"href":"https:\/\/redceltas.com\/index.php?rest_route=\/wp\/v2\/pages\/1070","targetHints":{"allow":["GET"]}}],"collection":[{"href":"https:\/\/redceltas.com\/index.php?rest_route=\/wp\/v2\/pages"}],"about":[{"href":"https:\/\/redceltas.com\/index.php?rest_route=\/wp\/v2\/types\/page"}],"author":[{"embeddable":true,"href":"https:\/\/redceltas.com\/index.php?rest_route=\/wp\/v2\/users\/1"}],"replies":[{"embeddable":true,"href":"https:\/\/redceltas.com\/index.php?rest_route=%2Fwp%2Fv2%2Fcomments&post=1070"}],"version-history":[{"count":0,"href":"https:\/\/redceltas.com\/index.php?rest_route=\/wp\/v2\/pages\/1070\/revisions"}],"wp:attachment":[{"href":"https:\/\/redceltas.com\/index.php?rest_route=%2Fwp%2Fv2%2Fmedia&parent=1070"}],"curies":[{"name":"wp","href":"https:\/\/api.w.org\/{rel}","templated":true}]}}